{"id":279,"date":"2022-08-11T06:48:28","date_gmt":"2022-08-11T06:48:28","guid":{"rendered":"https:\/\/virtualexchangepro.com\/?page_id=279"},"modified":"2022-08-12T18:16:35","modified_gmt":"2022-08-12T18:16:35","slug":"inversiones","status":"publish","type":"page","link":"https:\/\/virtualexchangepro.com\/en\/inversiones\/","title":{"rendered":"Investments"},"content":{"rendered":"<div data-elementor-type=\"wp-page\" data-elementor-id=\"279\" class=\"elementor elementor-279\" data-elementor-post-type=\"page\">\n\t\t\t\t\t\t<section class=\"elementor-section elementor-top-section elementor-element elementor-element-135c173d elementor-section-boxed elementor-section-height-default elementor-section-height-default\" data-id=\"135c173d\" data-element_type=\"section\" data-settings=\"{&quot;background_background&quot;:&quot;classic&quot;}\">\n\t\t\t\t\t\t\t<div class=\"elementor-background-overlay\"><\/div>\n\t\t\t\t\t\t\t<div class=\"elementor-container elementor-column-gap-default\">\n\t\t\t\t\t<div class=\"elementor-column elementor-col-100 elementor-top-column elementor-element elementor-element-6ba39462\" data-id=\"6ba39462\" data-element_type=\"column\">\n\t\t\t<div class=\"elementor-widget-wrap elementor-element-populated\">\n\t\t\t\t\t\t<div class=\"elementor-element elementor-element-24c2e132 elementor-icon-list--layout-inline elementor-align-center elementor-list-item-link-full_width elementor-widget elementor-widget-icon-list\" data-id=\"24c2e132\" data-element_type=\"widget\" data-widget_type=\"icon-list.default\">\n\t\t\t\t<div class=\"elementor-widget-container\">\n\t\t\t\t\t\t\t<ul class=\"elementor-icon-list-items elementor-inline-items\">\n\t\t\t\t\t\t\t<li class=\"elementor-icon-list-item elementor-inline-item\">\n\t\t\t\t\t\t\t\t\t\t<span class=\"elementor-icon-list-text\">Home<\/span>\n\t\t\t\t\t\t\t\t\t<\/li>\n\t\t\t\t\t\t\t\t<li class=\"elementor-icon-list-item elementor-inline-item\">\n\t\t\t\t\t\t\t\t\t\t\t<span class=\"elementor-icon-list-icon\">\n\t\t\t\t\t\t\t<i aria-hidden=\"true\" class=\"icon icon-minus\"><\/i>\t\t\t\t\t\t<\/span>\n\t\t\t\t\t\t\t\t\t\t<span class=\"elementor-icon-list-text\">Investments<\/span>\n\t\t\t\t\t\t\t\t\t<\/li>\n\t\t\t\t\t\t<\/ul>\n\t\t\t\t\t\t<\/div>\n\t\t\t\t<\/div>\n\t\t\t\t<div class=\"elementor-element elementor-element-67e5e1a elementor-widget elementor-widget-heading\" data-id=\"67e5e1a\" data-element_type=\"widget\" data-widget_type=\"heading.default\">\n\t\t\t\t<div class=\"elementor-widget-container\">\n\t\t\t\t\t<h1 class=\"elementor-heading-title elementor-size-default\">Investments<\/h1>\t\t\t\t<\/div>\n\t\t\t\t<\/div>\n\t\t\t\t\t<\/div>\n\t\t<\/div>\n\t\t\t\t\t<\/div>\n\t\t<\/section>\n\t\t\t\t<section class=\"elementor-section elementor-top-section elementor-element elementor-element-3c4ab99f elementor-section-content-middle elementor-reverse-mobile elementor-section-boxed elementor-section-height-default elementor-section-height-default\" data-id=\"3c4ab99f\" data-element_type=\"section\">\n\t\t\t\t\t\t<div class=\"elementor-container elementor-column-gap-default\">\n\t\t\t\t\t<div class=\"elementor-column elementor-col-50 elementor-top-column elementor-element elementor-element-72d8da67\" data-id=\"72d8da67\" data-element_type=\"column\">\n\t\t\t<div class=\"elementor-widget-wrap elementor-element-populated\">\n\t\t\t\t\t\t<div class=\"elementor-element elementor-element-63aad291 elementor-widget elementor-widget-heading\" data-id=\"63aad291\" data-element_type=\"widget\" data-widget_type=\"heading.default\">\n\t\t\t\t<div class=\"elementor-widget-container\">\n\t\t\t\t\t<h2 class=\"elementor-heading-title elementor-size-default\">We have a diverse range of investment solutions for investors around the world. <\/h2>\t\t\t\t<\/div>\n\t\t\t\t<\/div>\n\t\t\t\t<div class=\"elementor-element elementor-element-4f1f8af1 elementor-widget elementor-widget-text-editor\" data-id=\"4f1f8af1\" data-element_type=\"widget\" data-widget_type=\"text-editor.default\">\n\t\t\t\t<div class=\"elementor-widget-container\">\n\t\t\t\t\t\t\t\t\t<p class=\"Estilo1\">We guide them to achieve their most important objectives, with a wide range of investment strategies including strategies designed to efficiently capture excess returns and manage risk controls.<\/p><p class=\"Estilo1\">We also offer investors a broad spectrum of exposure to the Blockchain world, from illiquid venture capital assets to assets such as bitcoin and other cryptocurrencies.<\/p>\t\t\t\t\t\t\t\t<\/div>\n\t\t\t\t<\/div>\n\t\t\t\t<div class=\"elementor-element elementor-element-7de355ab elementor-widget-divider--view-line elementor-widget elementor-widget-divider\" data-id=\"7de355ab\" data-element_type=\"widget\" data-widget_type=\"divider.default\">\n\t\t\t\t<div class=\"elementor-widget-container\">\n\t\t\t\t\t\t\t<div class=\"elementor-divider\">\n\t\t\t<span class=\"elementor-divider-separator\">\n\t\t\t\t\t\t<\/span>\n\t\t<\/div>\n\t\t\t\t\t\t<\/div>\n\t\t\t\t<\/div>\n\t\t\t\t\t<\/div>\n\t\t<\/div>\n\t\t\t\t<div class=\"elementor-column elementor-col-50 elementor-top-column elementor-element elementor-element-59af5960\" data-id=\"59af5960\" data-element_type=\"column\">\n\t\t\t<div class=\"elementor-widget-wrap elementor-element-populated\">\n\t\t\t\t\t\t<div class=\"elementor-element elementor-element-5d4a7a1b elementor-widget elementor-widget-image\" data-id=\"5d4a7a1b\" data-element_type=\"widget\" data-widget_type=\"image.default\">\n\t\t\t\t<div class=\"elementor-widget-container\">\n\t\t\t\t\t\t\t\t\t\t\t\t\t\t\t<img decoding=\"async\" src=\"https:\/\/virtualexchangepro.com\/wp-content\/uploads\/elementor\/thumbs\/business-pt1ibj6a7j6pgxlv85irnzrv70yht67nzvoqrbip8g.jpg\" title=\"business.jpg\" alt=\"business.jpg\" loading=\"lazy\" \/>\t\t\t\t\t\t\t\t\t\t\t\t\t\t\t<\/div>\n\t\t\t\t<\/div>\n\t\t\t\t\t<\/div>\n\t\t<\/div>\n\t\t\t\t\t<\/div>\n\t\t<\/section>\n\t\t\t\t<section class=\"elementor-section elementor-top-section elementor-element elementor-element-511a6bb0 elementor-section-content-middle elementor-section-boxed elementor-section-height-default elementor-section-height-default\" data-id=\"511a6bb0\" data-element_type=\"section\" data-settings=\"{&quot;background_background&quot;:&quot;classic&quot;}\">\n\t\t\t\t\t\t<div class=\"elementor-container elementor-column-gap-default\">\n\t\t\t\t\t<div class=\"elementor-column elementor-col-50 elementor-top-column elementor-element elementor-element-23584b32\" data-id=\"23584b32\" data-element_type=\"column\">\n\t\t\t<div class=\"elementor-widget-wrap elementor-element-populated\">\n\t\t\t\t\t\t<div class=\"elementor-element elementor-element-55b3b801 elementor-widget elementor-widget-image\" data-id=\"55b3b801\" data-element_type=\"widget\" data-widget_type=\"image.default\">\n\t\t\t\t<div class=\"elementor-widget-container\">\n\t\t\t\t\t\t\t\t\t\t\t\t\t\t\t<img fetchpriority=\"high\" decoding=\"async\" width=\"1113\" height=\"1187\" src=\"https:\/\/virtualexchangepro.com\/wp-content\/uploads\/2022\/08\/Bitcoin-Security.png\" class=\"attachment-full size-full wp-image-19\" alt=\"\" srcset=\"https:\/\/virtualexchangepro.com\/wp-content\/uploads\/2022\/08\/Bitcoin-Security.png 1113w, https:\/\/virtualexchangepro.com\/wp-content\/uploads\/2022\/08\/Bitcoin-Security-281x300.png 281w, https:\/\/virtualexchangepro.com\/wp-content\/uploads\/2022\/08\/Bitcoin-Security-960x1024.png 960w, https:\/\/virtualexchangepro.com\/wp-content\/uploads\/2022\/08\/Bitcoin-Security-768x819.png 768w, https:\/\/virtualexchangepro.com\/wp-content\/uploads\/2022\/08\/Bitcoin-Security-11x12.png 11w\" sizes=\"(max-width: 1113px) 100vw, 1113px\" \/>\t\t\t\t\t\t\t\t\t\t\t\t\t\t\t<\/div>\n\t\t\t\t<\/div>\n\t\t\t\t\t<\/div>\n\t\t<\/div>\n\t\t\t\t<div class=\"elementor-column elementor-col-50 elementor-top-column elementor-element elementor-element-2e585920\" data-id=\"2e585920\" data-element_type=\"column\">\n\t\t\t<div class=\"elementor-widget-wrap elementor-element-populated\">\n\t\t\t\t\t\t<div class=\"elementor-element elementor-element-c949a71 elementor-widget elementor-widget-heading\" data-id=\"c949a71\" data-element_type=\"widget\" data-widget_type=\"heading.default\">\n\t\t\t\t<div class=\"elementor-widget-container\">\n\t\t\t\t\t<h2 class=\"elementor-heading-title elementor-size-default\">Why invest with us?<\/h2>\t\t\t\t<\/div>\n\t\t\t\t<\/div>\n\t\t\t\t<div class=\"elementor-element elementor-element-407bec21 elementor-widget elementor-widget-text-editor\" data-id=\"407bec21\" data-element_type=\"widget\" data-widget_type=\"text-editor.default\">\n\t\t\t\t<div class=\"elementor-widget-container\">\n\t\t\t\t\t\t\t\t\t<p>Because we are experienced and strongly believe that the risk investors take should be compensated in the markets and in any investment strategy.<\/p><p>If you are interested in learning more about our solutions, please complete the form below to have one of our experts send you additional information.<\/p><p>Alternatively, you can contact our team directly at our email address <a href=\"mailto:info@virtualexchangepro.com\">info@virtualexchangepro.com<\/a><\/p>\t\t\t\t\t\t\t\t<\/div>\n\t\t\t\t<\/div>\n\t\t\t\t<div class=\"elementor-element elementor-element-2493038f elementor-widget-divider--view-line elementor-widget elementor-widget-divider\" data-id=\"2493038f\" data-element_type=\"widget\" data-widget_type=\"divider.default\">\n\t\t\t\t<div class=\"elementor-widget-container\">\n\t\t\t\t\t\t\t<div class=\"elementor-divider\">\n\t\t\t<span class=\"elementor-divider-separator\">\n\t\t\t\t\t\t<\/span>\n\t\t<\/div>\n\t\t\t\t\t\t<\/div>\n\t\t\t\t<\/div>\n\t\t\t\t\t<\/div>\n\t\t<\/div>\n\t\t\t\t\t<\/div>\n\t\t<\/section>\n\t\t\t\t<section class=\"elementor-section elementor-top-section elementor-element elementor-element-677330b elementor-section-boxed elementor-section-height-default elementor-section-height-default\" data-id=\"677330b\" data-element_type=\"section\" data-settings=\"{&quot;background_background&quot;:&quot;classic&quot;}\">\n\t\t\t\t\t\t\t<div class=\"elementor-background-overlay\"><\/div>\n\t\t\t\t\t\t\t<div class=\"elementor-container elementor-column-gap-default\">\n\t\t\t\t\t<div class=\"elementor-column elementor-col-100 elementor-top-column elementor-element elementor-element-c17e1f0\" data-id=\"c17e1f0\" data-element_type=\"column\">\n\t\t\t<div class=\"elementor-widget-wrap elementor-element-populated\">\n\t\t\t\t\t\t<div class=\"elementor-element elementor-element-5d97cd3 elementor-widget elementor-widget-heading\" data-id=\"5d97cd3\" data-element_type=\"widget\" data-widget_type=\"heading.default\">\n\t\t\t\t<div class=\"elementor-widget-container\">\n\t\t\t\t\t<h2 class=\"elementor-heading-title elementor-size-default\">Investor consultation<\/h2>\t\t\t\t<\/div>\n\t\t\t\t<\/div>\n\t\t\t\t<div class=\"elementor-element elementor-element-50214f2 elementor-widget elementor-widget-text-editor\" data-id=\"50214f2\" data-element_type=\"widget\" data-widget_type=\"text-editor.default\">\n\t\t\t\t<div class=\"elementor-widget-container\">\n\t\t\t\t\t\t\t\t\t<p>If you are a company, investment firm or investor and would like to learn more about us and our advisory services, you can email us at <a href=\"mailto:info@virtualexchangepro.com\">info@virtualexchangepro.com<\/a> or complete this form to have one of our advisors contact you with more information.<\/p>\t\t\t\t\t\t\t\t<\/div>\n\t\t\t\t<\/div>\n\t\t\t\t<div class=\"elementor-element elementor-element-1531163 elementor-button-align-stretch elementor-widget elementor-widget-form\" data-id=\"1531163\" data-element_type=\"widget\" data-settings=\"{&quot;step_next_label&quot;:&quot;Next&quot;,&quot;step_previous_label&quot;:&quot;Previous&quot;,&quot;button_width&quot;:&quot;100&quot;,&quot;step_type&quot;:&quot;number_text&quot;,&quot;step_icon_shape&quot;:&quot;circle&quot;}\" data-widget_type=\"form.default\">\n\t\t\t\t<div class=\"elementor-widget-container\">\n\t\t\t\t\t\t\t<form class=\"elementor-form\" method=\"post\" name=\"Inversiones Form\" aria-label=\"Inversiones Form\" action=\"\">\n\t\t\t<input type=\"hidden\" name=\"post_id\" value=\"279\"\/>\n\t\t\t<input type=\"hidden\" name=\"form_id\" value=\"1531163\"\/>\n\t\t\t<input type=\"hidden\" name=\"referer_title\" value=\"Inversiones\" \/>\n\n\t\t\t\t\t\t\t<input type=\"hidden\" name=\"queried_id\" value=\"279\"\/>\n\t\t\t\n\t\t\t<div class=\"elementor-form-fields-wrapper elementor-labels-above\">\n\t\t\t\t\t\t\t\t<div class=\"elementor-field-type-text elementor-field-group elementor-column elementor-field-group-name elementor-col-50 elementor-field-required\">\n\t\t\t\t\t\t\t\t\t\t\t\t<label for=\"form-field-name\" class=\"elementor-field-label\">\n\t\t\t\t\t\t\t\tFull Name\t\t\t\t\t\t\t<\/label>\n\t\t\t\t\t\t\t\t\t\t\t\t\t\t<input size=\"1\" type=\"text\" name=\"form_fields[name]\" id=\"form-field-name\" class=\"elementor-field elementor-size-sm  elementor-field-textual\" placeholder=\"Full Name\" required=\"required\">\n\t\t\t\t\t\t\t\t\t\t\t<\/div>\n\t\t\t\t\t\t\t\t<div class=\"elementor-field-type-email elementor-field-group elementor-column elementor-field-group-emailcontactform elementor-col-50 elementor-field-required\">\n\t\t\t\t\t\t\t\t\t\t\t\t<label for=\"form-field-emailcontactform\" class=\"elementor-field-label\">\n\t\t\t\t\t\t\t\tYour email address\t\t\t\t\t\t\t<\/label>\n\t\t\t\t\t\t\t\t\t\t\t\t\t\t<input size=\"1\" type=\"email\" name=\"form_fields[emailcontactform]\" id=\"form-field-emailcontactform\" class=\"elementor-field elementor-size-sm  elementor-field-textual\" placeholder=\"Your email address\" required=\"required\">\n\t\t\t\t\t\t\t\t\t\t\t<\/div>\n\t\t\t\t\t\t\t\t<div class=\"elementor-field-type-text elementor-field-group elementor-column elementor-field-group-field_f4a8939 elementor-col-50 elementor-field-required\">\n\t\t\t\t\t\t\t\t\t\t\t\t<label for=\"form-field-field_f4a8939\" class=\"elementor-field-label\">\n\t\t\t\t\t\t\t\tCountry\t\t\t\t\t\t\t<\/label>\n\t\t\t\t\t\t\t\t\t\t\t\t\t\t<input size=\"1\" type=\"text\" name=\"form_fields[field_f4a8939]\" id=\"form-field-field_f4a8939\" class=\"elementor-field elementor-size-sm  elementor-field-textual\" placeholder=\"Country\" required=\"required\">\n\t\t\t\t\t\t\t\t\t\t\t<\/div>\n\t\t\t\t\t\t\t\t<div class=\"elementor-field-type-text elementor-field-group elementor-column elementor-field-group-field_96b39a1 elementor-col-50 elementor-field-required\">\n\t\t\t\t\t\t\t\t\t\t\t\t<label for=\"form-field-field_96b39a1\" class=\"elementor-field-label\">\n\t\t\t\t\t\t\t\tCompany Name\t\t\t\t\t\t\t<\/label>\n\t\t\t\t\t\t\t\t\t\t\t\t\t\t<input size=\"1\" type=\"text\" name=\"form_fields[field_96b39a1]\" id=\"form-field-field_96b39a1\" class=\"elementor-field elementor-size-sm  elementor-field-textual\" placeholder=\"Company Name\" required=\"required\">\n\t\t\t\t\t\t\t\t\t\t\t<\/div>\n\t\t\t\t\t\t\t\t<div class=\"elementor-field-type-text elementor-field-group elementor-column elementor-field-group-field_91f80e6 elementor-col-50 elementor-field-required\">\n\t\t\t\t\t\t\t\t\t\t\t\t<label for=\"form-field-field_91f80e6\" class=\"elementor-field-label\">\n\t\t\t\t\t\t\t\tPosition\t\t\t\t\t\t\t<\/label>\n\t\t\t\t\t\t\t\t\t\t\t\t\t\t<input size=\"1\" type=\"text\" name=\"form_fields[field_91f80e6]\" id=\"form-field-field_91f80e6\" class=\"elementor-field elementor-size-sm  elementor-field-textual\" placeholder=\"Position\" required=\"required\">\n\t\t\t\t\t\t\t\t\t\t\t<\/div>\n\t\t\t\t\t\t\t\t<div class=\"elementor-field-type-tel elementor-field-group elementor-column elementor-field-group-field_2c4dd1e elementor-col-50 elementor-field-required\">\n\t\t\t\t\t\t\t\t\t\t\t\t<label for=\"form-field-field_2c4dd1e\" class=\"elementor-field-label\">\n\t\t\t\t\t\t\t\tPhone\t\t\t\t\t\t\t<\/label>\n\t\t\t\t\t\t\t\t<input size=\"1\" type=\"tel\" name=\"form_fields[field_2c4dd1e]\" id=\"form-field-field_2c4dd1e\" class=\"elementor-field elementor-size-sm  elementor-field-textual\" placeholder=\"Phone\" required=\"required\" pattern=\"[0-9()#&amp;+*-=.]+\" title=\"Solo se aceptan n\u00fameros y caracteres de tel\u00e9fono (#,-,*,etc).\">\n\n\t\t\t\t\t\t<\/div>\n\t\t\t\t\t\t\t\t<div class=\"elementor-field-type-select elementor-field-group elementor-column elementor-field-group-field_29aa4c7 elementor-col-50 elementor-field-required\">\n\t\t\t\t\t\t\t\t\t\t\t\t<label for=\"form-field-field_29aa4c7\" class=\"elementor-field-label\">\n\t\t\t\t\t\t\t\tType of investor\t\t\t\t\t\t\t<\/label>\n\t\t\t\t\t\t\t\t<div class=\"elementor-field elementor-select-wrapper remove-before\">\n\t\t\t<div class=\"select-caret-down-wrapper\">\n\t\t\t\t<i aria-hidden=\"true\" class=\"eicon-caret-down\"><\/i>\t\t\t<\/div>\n\t\t\t<select name=\"form_fields[field_29aa4c7]\" id=\"form-field-field_29aa4c7\" class=\"elementor-field-textual elementor-size-sm\" required=\"required\">\n\t\t\t\t\t\t\t\t\t<option value=\"\">Select...<\/option>\n\t\t\t\t\t\t\t\t\t<option value=\"Asesor\">Advisor<\/option>\n\t\t\t\t\t\t\t\t\t<option value=\"Inversionista Individual\">Individual Investor<\/option>\n\t\t\t\t\t\t\t\t\t<option value=\"Inversionista Institucional\">Institutional Investor<\/option>\n\t\t\t\t\t\t\t\t\t<option value=\"Otro\">Other<\/option>\n\t\t\t\t\t\t\t<\/select>\n\t\t<\/div>\n\t\t\t\t\t\t<\/div>\n\t\t\t\t\t\t\t\t<div class=\"elementor-field-type-select elementor-field-group elementor-column elementor-field-group-field_c72e635 elementor-col-50 elementor-field-required\">\n\t\t\t\t\t\t\t\t\t\t\t\t<label for=\"form-field-field_c72e635\" class=\"elementor-field-label\">\n\t\t\t\t\t\t\t\tAccredited investor status\t\t\t\t\t\t\t<\/label>\n\t\t\t\t\t\t\t\t<div class=\"elementor-field elementor-select-wrapper remove-before\">\n\t\t\t<div class=\"select-caret-down-wrapper\">\n\t\t\t\t<i aria-hidden=\"true\" class=\"eicon-caret-down\"><\/i>\t\t\t<\/div>\n\t\t\t<select name=\"form_fields[field_c72e635]\" id=\"form-field-field_c72e635\" class=\"elementor-field-textual elementor-size-sm\" required=\"required\">\n\t\t\t\t\t\t\t\t\t<option value=\"\">Select...<\/option>\n\t\t\t\t\t\t\t\t\t<option value=\"No acreditado\">Uncredited<\/option>\n\t\t\t\t\t\t\t\t\t<option value=\"Inversionista Acreditado\">Accredited Investor<\/option>\n\t\t\t\t\t\t\t\t\t<option value=\"Cliente Calificado\">Qualified Customer<\/option>\n\t\t\t\t\t\t\t\t\t<option value=\"Comprador Calificado\">Qualified Buyer<\/option>\n\t\t\t\t\t\t\t\t\t<option value=\"Otro\">Other<\/option>\n\t\t\t\t\t\t\t<\/select>\n\t\t<\/div>\n\t\t\t\t\t\t<\/div>\n\t\t\t\t\t\t\t\t<div class=\"elementor-field-type-select elementor-field-group elementor-column elementor-field-group-field_09706c2 elementor-col-50 elementor-field-required\">\n\t\t\t\t\t\t\t\t\t\t\t\t<label for=\"form-field-field_09706c2\" class=\"elementor-field-label\">\n\t\t\t\t\t\t\t\tWhat amount of capital do you want to allocate to the funds?\t\t\t\t\t\t\t<\/label>\n\t\t\t\t\t\t\t\t<div class=\"elementor-field elementor-select-wrapper remove-before\">\n\t\t\t<div class=\"select-caret-down-wrapper\">\n\t\t\t\t<i aria-hidden=\"true\" class=\"eicon-caret-down\"><\/i>\t\t\t<\/div>\n\t\t\t<select name=\"form_fields[field_09706c2]\" id=\"form-field-field_09706c2\" class=\"elementor-field-textual elementor-size-sm\" required=\"required\">\n\t\t\t\t\t\t\t\t\t<option value=\"\">Select...<\/option>\n\t\t\t\t\t\t\t\t\t<option value=\"$0 - 250K\">$0 - 250K<\/option>\n\t\t\t\t\t\t\t\t\t<option value=\"$251 \u2013 750K\">$251 \u2013 750K<\/option>\n\t\t\t\t\t\t\t\t\t<option value=\"$751K \u2013 1M\">$751K \u2013 1M<\/option>\n\t\t\t\t\t\t\t\t\t<option value=\"$1.1 - 5M\">$1.1 - 5M<\/option>\n\t\t\t\t\t\t\t\t\t<option value=\"$5.1 \u2013 10M\">$5.1 \u2013 10M<\/option>\n\t\t\t\t\t\t\t\t\t<option value=\"$10.1 - $20 M\">$10.1 - $20 M<\/option>\n\t\t\t\t\t\t\t\t\t<option value=\"+ $20M\">+ $20M<\/option>\n\t\t\t\t\t\t\t<\/select>\n\t\t<\/div>\n\t\t\t\t\t\t<\/div>\n\t\t\t\t\t\t\t\t<div class=\"elementor-field-type-select elementor-field-group elementor-column elementor-field-group-field_09706c2 elementor-col-50 elementor-field-required\">\n\t\t\t\t\t\t\t\t\t\t\t\t<label for=\"form-field-field_09706c2\" class=\"elementor-field-label\">\n\t\t\t\t\t\t\t\tHow did you hear from us?\t\t\t\t\t\t\t<\/label>\n\t\t\t\t\t\t\t\t<div class=\"elementor-field elementor-select-wrapper remove-before\">\n\t\t\t<div class=\"select-caret-down-wrapper\">\n\t\t\t\t<i aria-hidden=\"true\" class=\"eicon-caret-down\"><\/i>\t\t\t<\/div>\n\t\t\t<select name=\"form_fields[field_09706c2]\" id=\"form-field-field_09706c2\" class=\"elementor-field-textual elementor-size-sm\" required=\"required\">\n\t\t\t\t\t\t\t\t\t<option value=\" \">Select...<\/option>\n\t\t\t\t\t\t\t\t\t<option value=\"$0 - 250K Investigaci\u00f3n en l\u00ednea\">Online Research<\/option>\n\t\t\t\t\t\t\t\t\t<option value=\"$251 \u2013 750K Socio\">Partner<\/option>\n\t\t\t\t\t\t\t\t\t<option value=\"$751K \u2013 1M Referencia externa\">External reference<\/option>\n\t\t\t\t\t\t\t\t\t<option value=\"$1.1 - 5M Evento\">Event<\/option>\n\t\t\t\t\t\t\t\t\t<option value=\"$5.1 \u2013 10M Redes sociales\">Social Media<\/option>\n\t\t\t\t\t\t\t\t\t<option value=\"$10.1 - $20 M Otro\">Other<\/option>\n\t\t\t\t\t\t\t<\/select>\n\t\t<\/div>\n\t\t\t\t\t\t<\/div>\n\t\t\t\t\t\t\t\t<div class=\"elementor-field-type-select elementor-field-group elementor-column elementor-field-group-field_7d58bad elementor-col-100 elementor-field-required\">\n\t\t\t\t\t\t\t\t\t\t\t\t<label for=\"form-field-field_7d58bad\" class=\"elementor-field-label\">\n\t\t\t\t\t\t\t\tWhat funds are you interested in?\t\t\t\t\t\t\t<\/label>\n\t\t\t\t\t\t\t\t<div class=\"elementor-field elementor-select-wrapper remove-before\">\n\t\t\t<div class=\"select-caret-down-wrapper\">\n\t\t\t\t<i aria-hidden=\"true\" class=\"eicon-caret-down\"><\/i>\t\t\t<\/div>\n\t\t\t<select name=\"form_fields[field_7d58bad]\" id=\"form-field-field_7d58bad\" class=\"elementor-field-textual elementor-size-sm\" required=\"required\">\n\t\t\t\t\t\t\t\t\t<option value=\"\">Select...<\/option>\n\t\t\t\t\t\t\t\t\t<option value=\"Fondo de Bitcoin\">Bitcoin Fund<\/option>\n\t\t\t\t\t\t\t\t\t<option value=\"Fondo Blockchain\">Blockchain Fund<\/option>\n\t\t\t\t\t\t\t\t\t<option value=\"Servicios de Asesor\u00eda\">Advisory Services<\/option>\n\t\t\t\t\t\t\t\t\t<option value=\"Inversiones de Capital\">Capital Investments<\/option>\n\t\t\t\t\t\t\t\t\t<option value=\"Mercados de Capitales\">Capital Markets<\/option>\n\t\t\t\t\t\t\t\t\t<option value=\"Estrategia de Activos\">Asset Strategy<\/option>\n\t\t\t\t\t\t\t\t\t<option value=\"Otro \">Other <\/option>\n\t\t\t\t\t\t\t<\/select>\n\t\t<\/div>\n\t\t\t\t\t\t<\/div>\n\t\t\t\t\t\t\t\t<div class=\"elementor-field-type-textarea elementor-field-group elementor-column elementor-field-group-message elementor-col-100 elementor-field-required\">\n\t\t\t\t\t\t\t\t\t\t\t\t<label for=\"form-field-message\" class=\"elementor-field-label\">\n\t\t\t\t\t\t\t\tAdditional questions:\t\t\t\t\t\t\t<\/label>\n\t\t\t\t\t\t<textarea class=\"elementor-field-textual elementor-field  elementor-size-sm\" name=\"form_fields[message]\" id=\"form-field-message\" rows=\"4\" placeholder=\"Additional questions:\" required=\"required\"><\/textarea>\t\t\t\t<\/div>\n\t\t\t\t\t\t\t\t<div class=\"elementor-field-type-recaptcha elementor-field-group elementor-column elementor-field-group-field_da5ceec elementor-col-100\">\n\t\t\t\t\t<div class=\"elementor-field\" id=\"form-field-field_da5ceec\"><div class=\"elementor-g-recaptcha\" data-sitekey=\"6LeU52AhAAAAAJ8DhoH4qWquxyevPMs835qJycQd\" data-type=\"v2_checkbox\" data-theme=\"light\" data-size=\"normal\"><\/div><\/div>\t\t\t\t<\/div>\n\t\t\t\t\t\t\t\t<div class=\"elementor-field-group elementor-column elementor-field-type-submit elementor-col-100 e-form__buttons\">\n\t\t\t\t\t<button class=\"elementor-button elementor-size-sm\" type=\"submit\">\n\t\t\t\t\t\t<span class=\"elementor-button-content-wrapper\">\n\t\t\t\t\t\t\t\t\t\t\t\t\t\t\t\t\t\t\t\t\t\t<span class=\"elementor-button-text\">Send message<\/span>\n\t\t\t\t\t\t\t\t\t\t\t\t\t<\/span>\n\t\t\t\t\t<\/button>\n\t\t\t\t<\/div>\n\t\t\t<\/div>\n\t\t<input type=\"hidden\" name=\"trp-form-language\" value=\"en\"\/><\/form>\n\t\t\t\t\t\t<\/div>\n\t\t\t\t<\/div>\n\t\t\t\t\t<\/div>\n\t\t<\/div>\n\t\t\t\t\t<\/div>\n\t\t<\/section>\n\t\t\t\t<\/div>","protected":false},"excerpt":{"rendered":"<p>Inicio Contamos con una diversa gama de soluciones de inversi\u00f3n para inversionistas de todo el mundo. Los guiamos para que logren sus objetivos m\u00e1s importantes, con una amplia gama de estrategias de inversi\u00f3n donde se incluyen estrategias dise\u00f1adas para capturar de una forma eficiente el exceso de rendimiento y administrar los controles de riesgo. Tambi\u00e9n [&hellip;]<\/p>","protected":false},"author":4,"featured_media":0,"parent":0,"menu_order":0,"comment_status":"closed","ping_status":"closed","template":"elementor_header_footer","meta":{"footnotes":""},"class_list":["post-279","page","type-page","status-publish","hentry"],"_links":{"self":[{"href":"https:\/\/virtualexchangepro.com\/en\/wp-json\/wp\/v2\/pages\/279","targetHints":{"allow":["GET"]}}],"collection":[{"href":"https:\/\/virtualexchangepro.com\/en\/wp-json\/wp\/v2\/pages"}],"about":[{"href":"https:\/\/virtualexchangepro.com\/en\/wp-json\/wp\/v2\/types\/page"}],"author":[{"embeddable":true,"href":"https:\/\/virtualexchangepro.com\/en\/wp-json\/wp\/v2\/users\/4"}],"replies":[{"embeddable":true,"href":"https:\/\/virtualexchangepro.com\/en\/wp-json\/wp\/v2\/comments?post=279"}],"version-history":[{"count":52,"href":"https:\/\/virtualexchangepro.com\/en\/wp-json\/wp\/v2\/pages\/279\/revisions"}],"predecessor-version":[{"id":540,"href":"https:\/\/virtualexchangepro.com\/en\/wp-json\/wp\/v2\/pages\/279\/revisions\/540"}],"wp:attachment":[{"href":"https:\/\/virtualexchangepro.com\/en\/wp-json\/wp\/v2\/media?parent=279"}],"curies":[{"name":"wp","href":"https:\/\/api.w.org\/{rel}","templated":true}]}}